{"id":2307,"date":"2023-02-04T15:04:31","date_gmt":"2023-02-04T15:04:31","guid":{"rendered":"http:\/\/quintadasraiadas.com\/?page_id=2307"},"modified":"2023-06-05T19:36:40","modified_gmt":"2023-06-05T19:36:40","slug":"os-acores","status":"publish","type":"page","link":"https:\/\/quintadasraiadas.com\/en\/os-acores\/","title":{"rendered":"The Azores"},"content":{"rendered":"<div data-elementor-type=\"wp-page\" data-elementor-id=\"2307\" class=\"elementor elementor-2307\" data-elementor-post-type=\"page\">\n\t\t\t\t\t\t\t<div class=\"elementor-element elementor-element-b429522 e-flex e-con-boxed e-con e-parent\" data-id=\"b429522\" data-element_type=\"container\" data-settings=\"{&quot;background_background&quot;:&quot;classic&quot;,&quot;shape_divider_bottom&quot;:&quot;tilt&quot;,&quot;content_width&quot;:&quot;boxed&quot;}\" data-core-v316-plus=\"true\">\n\t\t\t\t\t<div class=\"e-con-inner\">\n\t\t\t\t<div class=\"elementor-shape elementor-shape-bottom\" data-negative=\"false\">\n\t\t\t<svg xmlns=\"http:\/\/www.w3.org\/2000\/svg\" viewbox=\"0 0 1000 100\" preserveaspectratio=\"none\">\n\t<path class=\"elementor-shape-fill\" d=\"M0,6V0h1000v100L0,6z\"\/>\n<\/svg>\t\t<\/div>\n\t\t<div class=\"elementor-element elementor-element-b17e145 e-con-full e-flex e-con e-parent\" data-id=\"b17e145\" data-element_type=\"container\" data-settings=\"{&quot;content_width&quot;:&quot;full&quot;}\" data-core-v316-plus=\"true\">\n\t\t\t\t<div class=\"elementor-element elementor-element-e9dacdd elementor-widget elementor-widget-heading\" data-id=\"e9dacdd\" data-element_type=\"widget\" data-widget_type=\"heading.default\">\n\t\t\t\t<div class=\"elementor-widget-container\">\n\t\t\t<style>\/*! elementor - v3.18.0 - 06-12-2023 *\/\n.elementor-heading-title{padding:0;margin:0;line-height:1}.elementor-widget-heading .elementor-heading-title[class*=elementor-size-]>a{color:inherit;font-size:inherit;line-height:inherit}.elementor-widget-heading .elementor-heading-title.elementor-size-small{font-size:15px}.elementor-widget-heading .elementor-heading-title.elementor-size-medium{font-size:19px}.elementor-widget-heading .elementor-heading-title.elementor-size-large{font-size:29px}.elementor-widget-heading .elementor-heading-title.elementor-size-xl{font-size:39px}.elementor-widget-heading .elementor-heading-title.elementor-size-xxl{font-size:59px}<\/style><h1 class=\"elementor-heading-title elementor-size-default\">The Azores<\/h1>\t\t<\/div>\n\t\t\t\t<\/div>\n\t\t\t\t<div class=\"elementor-element elementor-element-9afdeb8 elementor-widget-divider--view-line elementor-widget elementor-widget-divider\" data-id=\"9afdeb8\" data-element_type=\"widget\" data-widget_type=\"divider.default\">\n\t\t\t\t<div class=\"elementor-widget-container\">\n\t\t\t<style>\/*! elementor - v3.18.0 - 06-12-2023 *\/\n.elementor-widget-divider{--divider-border-style:none;--divider-border-width:1px;--divider-color:#0c0d0e;--divider-icon-size:20px;--divider-element-spacing:10px;--divider-pattern-height:24px;--divider-pattern-size:20px;--divider-pattern-url:none;--divider-pattern-repeat:repeat-x}.elementor-widget-divider .elementor-divider{display:flex}.elementor-widget-divider .elementor-divider__text{font-size:15px;line-height:1;max-width:95%}.elementor-widget-divider .elementor-divider__element{margin:0 var(--divider-element-spacing);flex-shrink:0}.elementor-widget-divider .elementor-icon{font-size:var(--divider-icon-size)}.elementor-widget-divider .elementor-divider-separator{display:flex;margin:0;direction:ltr}.elementor-widget-divider--view-line_icon .elementor-divider-separator,.elementor-widget-divider--view-line_text .elementor-divider-separator{align-items:center}.elementor-widget-divider--view-line_icon .elementor-divider-separator:after,.elementor-widget-divider--view-line_icon .elementor-divider-separator:before,.elementor-widget-divider--view-line_text .elementor-divider-separator:after,.elementor-widget-divider--view-line_text .elementor-divider-separator:before{display:block;content:\"\";border-bottom:0;flex-grow:1;border-top:var(--divider-border-width) var(--divider-border-style) var(--divider-color)}.elementor-widget-divider--element-align-left .elementor-divider .elementor-divider-separator>.elementor-divider__svg:first-of-type{flex-grow:0;flex-shrink:100}.elementor-widget-divider--element-align-left .elementor-divider-separator:before{content:none}.elementor-widget-divider--element-align-left .elementor-divider__element{margin-left:0}.elementor-widget-divider--element-align-right .elementor-divider .elementor-divider-separator>.elementor-divider__svg:last-of-type{flex-grow:0;flex-shrink:100}.elementor-widget-divider--element-align-right .elementor-divider-separator:after{content:none}.elementor-widget-divider--element-align-right .elementor-divider__element{margin-right:0}.elementor-widget-divider:not(.elementor-widget-divider--view-line_text):not(.elementor-widget-divider--view-line_icon) .elementor-divider-separator{border-top:var(--divider-border-width) var(--divider-border-style) var(--divider-color)}.elementor-widget-divider--separator-type-pattern{--divider-border-style:none}.elementor-widget-divider--separator-type-pattern.elementor-widget-divider--view-line .elementor-divider-separator,.elementor-widget-divider--separator-type-pattern:not(.elementor-widget-divider--view-line) .elementor-divider-separator:after,.elementor-widget-divider--separator-type-pattern:not(.elementor-widget-divider--view-line) .elementor-divider-separator:before,.elementor-widget-divider--separator-type-pattern:not([class*=elementor-widget-divider--view]) .elementor-divider-separator{width:100%;min-height:var(--divider-pattern-height);-webkit-mask-size:var(--divider-pattern-size) 100%;mask-size:var(--divider-pattern-size) 100%;-webkit-mask-repeat:var(--divider-pattern-repeat);mask-repeat:var(--divider-pattern-repeat);background-color:var(--divider-color);-webkit-mask-image:var(--divider-pattern-url);mask-image:var(--divider-pattern-url)}.elementor-widget-divider--no-spacing{--divider-pattern-size:auto}.elementor-widget-divider--bg-round{--divider-pattern-repeat:round}.rtl .elementor-widget-divider .elementor-divider__text{direction:rtl}.e-con-inner>.elementor-widget-divider,.e-con>.elementor-widget-divider{width:var(--container-widget-width,100%);--flex-grow:var(--container-widget-flex-grow)}<\/style>\t\t<div class=\"elementor-divider\">\n\t\t\t<span class=\"elementor-divider-separator\">\n\t\t\t\t\t\t<\/span>\n\t\t<\/div>\n\t\t\t\t<\/div>\n\t\t\t\t<\/div>\n\t\t\t\t<div class=\"elementor-element elementor-element-8e6f8ff elementor-widget elementor-widget-heading\" data-id=\"8e6f8ff\" data-element_type=\"widget\" data-widget_type=\"heading.default\">\n\t\t\t\t<div class=\"elementor-widget-container\">\n\t\t\t<h2 class=\"elementor-heading-title elementor-size-default\">If you're looking for an unforgettable travel destination, the Azores are an excellent choice.<\/h2>\t\t<\/div>\n\t\t\t\t<\/div>\n\t\t\t\t<\/div>\n\t\t<div class=\"elementor-element elementor-element-4a3cd4b e-con-full e-flex e-con e-parent\" data-id=\"4a3cd4b\" data-element_type=\"container\" data-settings=\"{&quot;content_width&quot;:&quot;full&quot;}\" data-core-v316-plus=\"true\">\n\t\t\t\t<div class=\"elementor-element elementor-element-f7ffd66 elementor-widget elementor-widget-image\" data-id=\"f7ffd66\" data-element_type=\"widget\" data-widget_type=\"image.default\">\n\t\t\t\t<div class=\"elementor-widget-container\">\n\t\t\t<style>\/*! elementor - v3.18.0 - 06-12-2023 *\/\n.elementor-widget-image{text-align:center}.elementor-widget-image a{display:inline-block}.elementor-widget-image a img[src$=\".svg\"]{width:48px}.elementor-widget-image img{vertical-align:middle;display:inline-block}<\/style>\t\t\t\t\t\t\t\t\t\t\t\t<img fetchpriority=\"high\" decoding=\"async\" width=\"800\" height=\"833\" src=\"https:\/\/quintadasraiadas.com\/wp-content\/uploads\/2023\/05\/side-view-young-woman-with-suitcase-984x1024.png\" class=\"attachment-large size-large wp-image-3008\" alt=\"\" srcset=\"https:\/\/quintadasraiadas.com\/wp-content\/uploads\/2023\/05\/side-view-young-woman-with-suitcase-984x1024.png 984w, https:\/\/quintadasraiadas.com\/wp-content\/uploads\/2023\/05\/side-view-young-woman-with-suitcase-288x300.png 288w, https:\/\/quintadasraiadas.com\/wp-content\/uploads\/2023\/05\/side-view-young-woman-with-suitcase-768x800.png 768w, https:\/\/quintadasraiadas.com\/wp-content\/uploads\/2023\/05\/side-view-young-woman-with-suitcase-1475x1536.png 1475w, https:\/\/quintadasraiadas.com\/wp-content\/uploads\/2023\/05\/side-view-young-woman-with-suitcase-1967x2048.png 1967w, https:\/\/quintadasraiadas.com\/wp-content\/uploads\/2023\/05\/side-view-young-woman-with-suitcase-12x12.png 12w, https:\/\/quintadasraiadas.com\/wp-content\/uploads\/2023\/05\/side-view-young-woman-with-suitcase-600x625.png 600w\" sizes=\"(max-width: 800px) 100vw, 800px\" \/>\t\t\t\t\t\t\t\t\t\t\t\t\t\t\t<\/div>\n\t\t\t\t<\/div>\n\t\t\t\t<\/div>\n\t\t\t\t\t<\/div>\n\t\t\t\t<\/div>\n\t\t<div class=\"elementor-element elementor-element-b6d502d e-flex e-con-boxed e-con e-parent\" data-id=\"b6d502d\" data-element_type=\"container\" data-settings=\"{&quot;content_width&quot;:&quot;boxed&quot;}\" data-core-v316-plus=\"true\">\n\t\t\t\t\t<div class=\"e-con-inner\">\n\t\t<div class=\"elementor-element elementor-element-30db633 e-con-full e-flex e-con e-parent\" data-id=\"30db633\" data-element_type=\"container\" data-settings=\"{&quot;content_width&quot;:&quot;full&quot;}\" data-core-v316-plus=\"true\">\n\t\t\t\t<div class=\"elementor-element elementor-element-559ff08 elementor-widget elementor-widget-text-editor\" data-id=\"559ff08\" data-element_type=\"widget\" data-widget_type=\"text-editor.default\">\n\t\t\t\t<div class=\"elementor-widget-container\">\n\t\t\t<style>\/*! elementor - v3.18.0 - 06-12-2023 *\/\n.elementor-widget-text-editor.elementor-drop-cap-view-stacked .elementor-drop-cap{background-color:#69727d;color:#fff}.elementor-widget-text-editor.elementor-drop-cap-view-framed .elementor-drop-cap{color:#69727d;border:3px solid;background-color:transparent}.elementor-widget-text-editor:not(.elementor-drop-cap-view-default) .elementor-drop-cap{margin-top:8px}.elementor-widget-text-editor:not(.elementor-drop-cap-view-default) .elementor-drop-cap-letter{width:1em;height:1em}.elementor-widget-text-editor .elementor-drop-cap{float:left;text-align:center;line-height:1;font-size:50px}.elementor-widget-text-editor .elementor-drop-cap-letter{display:inline-block}<\/style>\t\t\t\t<p>The Azores islands are known for their volcanic landscapes, crystal-clear lagoons, black sand beaches, and beautiful forests. Moreover, Azorean culture is unique and vibrant, with traditional festivals, delicious cuisine, and local crafts.<\/p>\t\t\t\t\t\t<\/div>\n\t\t\t\t<\/div>\n\t\t\t\t<\/div>\n\t\t<div class=\"elementor-element elementor-element-277ea14 e-con-full e-flex e-con e-parent\" data-id=\"277ea14\" data-element_type=\"container\" data-settings=\"{&quot;content_width&quot;:&quot;full&quot;}\" data-core-v316-plus=\"true\">\n\t\t\t\t<div class=\"elementor-element elementor-element-069475f elementor-widget elementor-widget-text-editor\" data-id=\"069475f\" data-element_type=\"widget\" data-widget_type=\"text-editor.default\">\n\t\t\t\t<div class=\"elementor-widget-container\">\n\t\t\t\t\t\t\t<p>For nature lovers, the Azores are the perfect destination. Here, you can spot whales, dolphins, turtles, and various bird species. The Azores are one of the best places in the world for whale watching, offering a unique opportunity to see these majestic creatures in their natural habitat.<\/p>\t\t\t\t\t\t<\/div>\n\t\t\t\t<\/div>\n\t\t\t\t<\/div>\n\t\t\t\t\t<\/div>\n\t\t\t\t<\/div>\n\t\t<div class=\"elementor-element elementor-element-f703b60 e-flex e-con-boxed e-con e-parent\" data-id=\"f703b60\" data-element_type=\"container\" data-settings=\"{&quot;background_background&quot;:&quot;classic&quot;,&quot;content_width&quot;:&quot;boxed&quot;}\" data-core-v316-plus=\"true\">\n\t\t\t\t\t<div class=\"e-con-inner\">\n\t\t\t\t\t<\/div>\n\t\t\t\t<\/div>\n\t\t<div class=\"elementor-element elementor-element-57fdccd e-flex e-con-boxed e-con e-parent\" data-id=\"57fdccd\" data-element_type=\"container\" data-settings=\"{&quot;content_width&quot;:&quot;boxed&quot;}\" data-core-v316-plus=\"true\">\n\t\t\t\t\t<div class=\"e-con-inner\">\n\t\t\t\t<div class=\"elementor-element elementor-element-92a50f4 elementor-widget elementor-widget-text-editor\" data-id=\"92a50f4\" data-element_type=\"widget\" data-widget_type=\"text-editor.default\">\n\t\t\t\t<div class=\"elementor-widget-container\">\n\t\t\t\t\t\t\t<p>If you prefer more active activities, the Azores are also ideal for hiking, diving, surfing, paddleboarding, and much more. The hiking trails are spread throughout the islands, allowing you to explore the landscape and nature up close. The surrounding sea is clear and teeming with life, making it perfect for water activities.<\/p>\t\t\t\t\t\t<\/div>\n\t\t\t\t<\/div>\n\t\t\t\t\t<\/div>\n\t\t\t\t<\/div>\n\t\t<div class=\"elementor-element elementor-element-bf87fa9 e-flex e-con-boxed e-con e-parent\" data-id=\"bf87fa9\" data-element_type=\"container\" data-settings=\"{&quot;content_width&quot;:&quot;boxed&quot;}\" data-core-v316-plus=\"true\">\n\t\t\t\t\t<div class=\"e-con-inner\">\n\t\t<div class=\"elementor-element elementor-element-9348937 e-con-full e-flex e-con e-parent\" data-id=\"9348937\" data-element_type=\"container\" data-settings=\"{&quot;content_width&quot;:&quot;full&quot;}\" data-core-v316-plus=\"true\">\n\t\t\t\t<div class=\"elementor-element elementor-element-6040ec3 elementor-widget elementor-widget-text-editor\" data-id=\"6040ec3\" data-element_type=\"widget\" data-widget_type=\"text-editor.default\">\n\t\t\t\t<div class=\"elementor-widget-container\">\n\t\t\t\t\t\t\t<p>Regardless of what you choose to do, the Azores offer an authentic and unique experience. Azorean hospitality is unmatched, with welcoming and friendly locals who will go out of their way to ensure you have a wonderful stay.<\/p>\t\t\t\t\t\t<\/div>\n\t\t\t\t<\/div>\n\t\t\t\t<\/div>\n\t\t<div class=\"elementor-element elementor-element-0c20ada e-con-full e-flex e-con e-parent\" data-id=\"0c20ada\" data-element_type=\"container\" data-settings=\"{&quot;content_width&quot;:&quot;full&quot;}\" data-core-v316-plus=\"true\">\n\t\t\t\t<div class=\"elementor-element elementor-element-562a8c7 elementor-widget elementor-widget-image\" data-id=\"562a8c7\" data-element_type=\"widget\" data-widget_type=\"image.default\">\n\t\t\t\t<div class=\"elementor-widget-container\">\n\t\t\t\t\t\t\t\t\t\t\t\t\t\t\t<img decoding=\"async\" width=\"800\" height=\"800\" src=\"https:\/\/quintadasraiadas.com\/wp-content\/uploads\/2023\/05\/IMG_1019-1024x1024.jpg\" class=\"attachment-large size-large wp-image-2962\" alt=\"Ribeira dos Caldeir\u00f5es\" srcset=\"https:\/\/quintadasraiadas.com\/wp-content\/uploads\/2023\/05\/IMG_1019-1024x1024.jpg 1024w, https:\/\/quintadasraiadas.com\/wp-content\/uploads\/2023\/05\/IMG_1019-300x300.jpg 300w, https:\/\/quintadasraiadas.com\/wp-content\/uploads\/2023\/05\/IMG_1019-150x150.jpg 150w, https:\/\/quintadasraiadas.com\/wp-content\/uploads\/2023\/05\/IMG_1019-768x768.jpg 768w, https:\/\/quintadasraiadas.com\/wp-content\/uploads\/2023\/05\/IMG_1019-1536x1536.jpg 1536w, https:\/\/quintadasraiadas.com\/wp-content\/uploads\/2023\/05\/IMG_1019-2048x2048.jpg 2048w, https:\/\/quintadasraiadas.com\/wp-content\/uploads\/2023\/05\/IMG_1019-12x12.jpg 12w, https:\/\/quintadasraiadas.com\/wp-content\/uploads\/2023\/05\/IMG_1019-600x600.jpg 600w, https:\/\/quintadasraiadas.com\/wp-content\/uploads\/2023\/05\/IMG_1019-100x100.jpg 100w\" sizes=\"(max-width: 800px) 100vw, 800px\" \/>\t\t\t\t\t\t\t\t\t\t\t\t\t\t\t<\/div>\n\t\t\t\t<\/div>\n\t\t\t\t<\/div>\n\t\t\t\t\t<\/div>\n\t\t\t\t<\/div>\n\t\t<div class=\"elementor-element elementor-element-e6d36e7 e-flex e-con-boxed e-con e-parent\" data-id=\"e6d36e7\" data-element_type=\"container\" data-settings=\"{&quot;background_background&quot;:&quot;classic&quot;,&quot;content_width&quot;:&quot;boxed&quot;}\" data-core-v316-plus=\"true\">\n\t\t\t\t\t<div class=\"e-con-inner\">\n\t\t\t\t<div class=\"elementor-element elementor-element-90d8bb0 elementor-widget elementor-widget-heading\" data-id=\"90d8bb0\" data-element_type=\"widget\" data-widget_type=\"heading.default\">\n\t\t\t\t<div class=\"elementor-widget-container\">\n\t\t\t<h2 class=\"elementor-heading-title elementor-size-default\">If you're looking for the best option to explore the beautiful island of S\u00e3o Miguel, don't hesitate to schedule one of our personalized tours.<\/h2>\t\t<\/div>\n\t\t\t\t<\/div>\n\t\t\t\t<div class=\"elementor-element elementor-element-0814cee elementor-widget elementor-widget-button\" data-id=\"0814cee\" data-element_type=\"widget\" data-widget_type=\"button.default\">\n\t\t\t\t<div class=\"elementor-widget-container\">\n\t\t\t\t\t<div class=\"elementor-button-wrapper\">\n\t\t\t<a class=\"elementor-button elementor-button-link elementor-size-sm\" href=\"https:\/\/quintadasraiadas.com\/en\/tours\/\">\n\t\t\t\t\t\t<span class=\"elementor-button-content-wrapper\">\n\t\t\t\t\t\t<span class=\"elementor-button-text\">Book an appointment<\/span>\n\t\t<\/span>\n\t\t\t\t\t<\/a>\n\t\t<\/div>\n\t\t\t\t<\/div>\n\t\t\t\t<\/div>\n\t\t\t\t\t<\/div>\n\t\t\t\t<\/div>\n\t\t\t\t\t\t\t<\/div>","protected":false},"excerpt":{"rendered":"<p>Os a\u00e7ores Se est\u00e1 \u00e0 procura de um destino de viagem inesquec\u00edvel, os A\u00e7ores s\u00e3o uma excelente escolha. As ilhas dos A\u00e7ores s\u00e3o conhecidas pelas suas paisagens vulc\u00e2nicas, lagoas de \u00e1gua cristalina, praias de areia escura e belas florestas. Al\u00e9m disso, a cultura a\u00e7oriana \u00e9 \u00fanica e vibrante, com festivais tradicionais, gastronomia deliciosa e artesanato [&hellip;]<\/p>","protected":false},"author":1,"featured_media":0,"parent":0,"menu_order":0,"comment_status":"closed","ping_status":"closed","template":"","meta":{"om_disable_all_campaigns":false,"_mi_skip_tracking":false,"_monsterinsights_sitenote_active":false,"_monsterinsights_sitenote_note":"","_monsterinsights_sitenote_category":0,"_uf_show_specific_survey":0,"_uf_disable_surveys":false,"footnotes":""},"aioseo_notices":[],"_links":{"self":[{"href":"https:\/\/quintadasraiadas.com\/en\/wp-json\/wp\/v2\/pages\/2307"}],"collection":[{"href":"https:\/\/quintadasraiadas.com\/en\/wp-json\/wp\/v2\/pages"}],"about":[{"href":"https:\/\/quintadasraiadas.com\/en\/wp-json\/wp\/v2\/types\/page"}],"author":[{"embeddable":true,"href":"https:\/\/quintadasraiadas.com\/en\/wp-json\/wp\/v2\/users\/1"}],"replies":[{"embeddable":true,"href":"https:\/\/quintadasraiadas.com\/en\/wp-json\/wp\/v2\/comments?post=2307"}],"version-history":[{"count":41,"href":"https:\/\/quintadasraiadas.com\/en\/wp-json\/wp\/v2\/pages\/2307\/revisions"}],"predecessor-version":[{"id":3137,"href":"https:\/\/quintadasraiadas.com\/en\/wp-json\/wp\/v2\/pages\/2307\/revisions\/3137"}],"wp:attachment":[{"href":"https:\/\/quintadasraiadas.com\/en\/wp-json\/wp\/v2\/media?parent=2307"}],"curies":[{"name":"wp","href":"https:\/\/api.w.org\/{rel}","templated":true}]}}