{"id":3155,"date":"2023-06-07T18:00:29","date_gmt":"2023-06-07T18:00:29","guid":{"rendered":"http:\/\/quintadasraiadas.com\/?page_id=3155"},"modified":"2023-06-07T18:01:55","modified_gmt":"2023-06-07T18:01:55","slug":"politica-de-cookies","status":"publish","type":"page","link":"https:\/\/quintadasraiadas.com\/en\/politica-de-cookies\/","title":{"rendered":"Pol\u00edtica de Cookies"},"content":{"rendered":"<div data-elementor-type=\"wp-page\" data-elementor-id=\"3155\" class=\"elementor elementor-3155\" data-elementor-post-type=\"page\">\n\t\t\t\t\t\t\t<div class=\"elementor-element elementor-element-eb729dc e-flex e-con-boxed e-con e-parent\" data-id=\"eb729dc\" data-element_type=\"container\" data-settings=\"{&quot;content_width&quot;:&quot;boxed&quot;}\" data-core-v316-plus=\"true\">\n\t\t\t\t\t<div class=\"e-con-inner\">\n\t\t\t\t<div class=\"elementor-element elementor-element-e58ef72 elementor-widget elementor-widget-text-editor\" data-id=\"e58ef72\" data-element_type=\"widget\" data-widget_type=\"text-editor.default\">\n\t\t\t\t<div class=\"elementor-widget-container\">\n\t\t\t<style>\/*! elementor - v3.18.0 - 06-12-2023 *\/\n.elementor-widget-text-editor.elementor-drop-cap-view-stacked .elementor-drop-cap{background-color:#69727d;color:#fff}.elementor-widget-text-editor.elementor-drop-cap-view-framed .elementor-drop-cap{color:#69727d;border:3px solid;background-color:transparent}.elementor-widget-text-editor:not(.elementor-drop-cap-view-default) .elementor-drop-cap{margin-top:8px}.elementor-widget-text-editor:not(.elementor-drop-cap-view-default) .elementor-drop-cap-letter{width:1em;height:1em}.elementor-widget-text-editor .elementor-drop-cap{float:left;text-align:center;line-height:1;font-size:50px}.elementor-widget-text-editor .elementor-drop-cap-letter{display:inline-block}<\/style>\t\t\t\t<p>Esta Pol\u00edtica de Cookies descreve como a Quinta das Raiadas utiliza cookies e tecnologias similares em seu website quintadasraiadas.com. Ao acessar e utilizar este website, voc\u00ea concorda com o uso de cookies de acordo com esta Pol\u00edtica de Cookies.<\/p><p>O que s\u00e3o cookies<br \/>Cookies s\u00e3o pequenos arquivos de texto que s\u00e3o armazenados em seu dispositivo quando voc\u00ea visita um website. Eles s\u00e3o amplamente utilizados para tornar os websites mais eficientes e fornecer informa\u00e7\u00f5es aos propriet\u00e1rios do website.<\/p><p>Tipos de cookies utilizados<br \/>2.1. Cookies essenciais: Esses cookies s\u00e3o necess\u00e1rios para o funcionamento b\u00e1sico do website e permitem que voc\u00ea navegue e utilize os recursos do website. Eles n\u00e3o coletam informa\u00e7\u00f5es pessoais.<\/p><p>2.2. Cookies de desempenho: Esses cookies coletam informa\u00e7\u00f5es sobre como os visitantes utilizam o website, como as p\u00e1ginas visitadas, o tempo gasto no site e os erros encontrados. Essas informa\u00e7\u00f5es s\u00e3o usadas para melhorar o funcionamento do website e aprimorar a experi\u00eancia do usu\u00e1rio.<\/p><p>2.3. Cookies de funcionalidade: Esses cookies permitem que o website se lembre das escolhas feitas por voc\u00ea, como prefer\u00eancias de idioma ou regi\u00e3o, para fornecer uma experi\u00eancia personalizada.<\/p><p>2.4. Cookies de publicidade: Esses cookies s\u00e3o usados para fornecer an\u00fancios relevantes para voc\u00ea com base em seus interesses. Eles tamb\u00e9m s\u00e3o usados para limitar o n\u00famero de vezes que um an\u00fancio \u00e9 exibido e medir a efic\u00e1cia das campanhas publicit\u00e1rias.<\/p><p>Cookies de terceiros<br \/>Al\u00e9m dos cookies mencionados acima, tamb\u00e9m podemos permitir que terceiros coloquem cookies em seu dispositivo quando voc\u00ea visita nosso website. Esses cookies podem ser utilizados por terceiros para coletar informa\u00e7\u00f5es sobre suas atividades online ao longo do tempo e em diferentes websites, com o objetivo de fornecer an\u00fancios personalizados.<\/p><p>Gerenciamento de cookies<br \/>Voc\u00ea pode gerenciar suas prefer\u00eancias de cookies atrav\u00e9s das configura\u00e7\u00f5es do seu navegador. Voc\u00ea pode optar por bloquear ou excluir cookies do nosso website ou de outros websites. No entanto, isso pode afetar a funcionalidade do website e limitar sua experi\u00eancia de navega\u00e7\u00e3o.<\/p><p>Consentimento<br \/>Ao continuar a usar nosso website, voc\u00ea est\u00e1 dando seu consentimento para o uso de cookies de acordo com esta Pol\u00edtica de Cookies.<\/p><p>Altera\u00e7\u00f5es na pol\u00edtica de cookies<br \/>Reservamo-nos o direito de atualizar ou modificar esta Pol\u00edtica de Cookies a qualquer momento. Quaisquer altera\u00e7\u00f5es ser\u00e3o publicadas no website com a data de entrada em vigor. \u00c9 recomend\u00e1vel que voc\u00ea revise periodicamente esta Pol\u00edtica de Cookies para estar ciente das pr\u00e1ticas atuais.<\/p><p>Esta Pol\u00edtica de Cookies \u00e9 efetiva a partir de 30\/12\/2022<\/p><p>\u00daltima atualiza\u00e7\u00e3o: 20\/05\/2023<\/p>\t\t\t\t\t\t<\/div>\n\t\t\t\t<\/div>\n\t\t\t\t\t<\/div>\n\t\t\t\t<\/div>\n\t\t\t\t\t\t\t<\/div>","protected":false},"excerpt":{"rendered":"<p>Esta Pol\u00edtica de Cookies descreve como a Quinta das Raiadas utiliza cookies e tecnologias similares em seu website quintadasraiadas.com. Ao acessar e utilizar este website, voc\u00ea concorda com o uso de cookies de acordo com esta Pol\u00edtica de Cookies. O que s\u00e3o cookiesCookies s\u00e3o pequenos arquivos de texto que s\u00e3o armazenados em seu dispositivo quando [&hellip;]<\/p>","protected":false},"author":1,"featured_media":0,"parent":0,"menu_order":0,"comment_status":"closed","ping_status":"closed","template":"","meta":{"om_disable_all_campaigns":false,"_mi_skip_tracking":false,"_monsterinsights_sitenote_active":false,"_monsterinsights_sitenote_note":"","_monsterinsights_sitenote_category":0,"_uf_show_specific_survey":0,"_uf_disable_surveys":false,"footnotes":""},"aioseo_notices":[],"_links":{"self":[{"href":"https:\/\/quintadasraiadas.com\/en\/wp-json\/wp\/v2\/pages\/3155"}],"collection":[{"href":"https:\/\/quintadasraiadas.com\/en\/wp-json\/wp\/v2\/pages"}],"about":[{"href":"https:\/\/quintadasraiadas.com\/en\/wp-json\/wp\/v2\/types\/page"}],"author":[{"embeddable":true,"href":"https:\/\/quintadasraiadas.com\/en\/wp-json\/wp\/v2\/users\/1"}],"replies":[{"embeddable":true,"href":"https:\/\/quintadasraiadas.com\/en\/wp-json\/wp\/v2\/comments?post=3155"}],"version-history":[{"count":4,"href":"https:\/\/quintadasraiadas.com\/en\/wp-json\/wp\/v2\/pages\/3155\/revisions"}],"predecessor-version":[{"id":3159,"href":"https:\/\/quintadasraiadas.com\/en\/wp-json\/wp\/v2\/pages\/3155\/revisions\/3159"}],"wp:attachment":[{"href":"https:\/\/quintadasraiadas.com\/en\/wp-json\/wp\/v2\/media?parent=3155"}],"curies":[{"name":"wp","href":"https:\/\/api.w.org\/{rel}","templated":true}]}}